{"id":97,"date":"2022-03-16T17:14:13","date_gmt":"2022-03-16T16:14:13","guid":{"rendered":"http:\/\/atelierpictura.fr\/?page_id=97"},"modified":"2022-06-08T14:48:20","modified_gmt":"2022-06-08T12:48:20","slug":"peinture-a-la-colle","status":"publish","type":"page","link":"https:\/\/atelierpictura.fr\/?page_id=97","title":{"rendered":"Peinture \u00e0 la colle"},"content":{"rendered":"\t\t<div data-elementor-type=\"wp-page\" data-elementor-id=\"97\" class=\"elementor elementor-97\">\n\t\t\t\t\t\t\t\t\t<section class=\"elementor-section elementor-top-section elementor-element elementor-element-2d17387 elementor-section-boxed elementor-section-height-default elementor-section-height-default\" data-id=\"2d17387\" data-element_type=\"section\">\n\t\t\t\t\t\t<div class=\"elementor-container elementor-column-gap-default\">\n\t\t\t\t\t<div class=\"elementor-column elementor-col-100 elementor-top-column elementor-element elementor-element-bd28cb7\" data-id=\"bd28cb7\" data-element_type=\"column\">\n\t\t\t<div class=\"elementor-widget-wrap elementor-element-populated\">\n\t\t\t\t\t\t\t\t<div class=\"elementor-element elementor-element-2bd94aa elementor-widget elementor-widget-text-editor\" data-id=\"2bd94aa\" data-element_type=\"widget\" data-widget_type=\"text-editor.default\">\n\t\t\t\t<div class=\"elementor-widget-container\">\n\t\t\t<style>\/*! elementor - v3.6.6 - 08-06-2022 *\/\n.elementor-widget-text-editor.elementor-drop-cap-view-stacked .elementor-drop-cap{background-color:#818a91;color:#fff}.elementor-widget-text-editor.elementor-drop-cap-view-framed .elementor-drop-cap{color:#818a91;border:3px solid;background-color:transparent}.elementor-widget-text-editor:not(.elementor-drop-cap-view-default) .elementor-drop-cap{margin-top:8px}.elementor-widget-text-editor:not(.elementor-drop-cap-view-default) .elementor-drop-cap-letter{width:1em;height:1em}.elementor-widget-text-editor .elementor-drop-cap{float:left;text-align:center;line-height:1;font-size:50px}.elementor-widget-text-editor .elementor-drop-cap-letter{display:inline-block}<\/style>\t\t\t\t<p style=\"font-weight: 400;\"><b><strong>La peinture \u00e0 la colle<\/strong><\/b>\u00a0ou d\u00e9trempe est une technique de peinture particuli\u00e8re. Les pigments sont m\u00e9lang\u00e9s \u00e0 l\u2019eau, puis d\u00e9lay\u00e9s (ou \u00ab\u00a0d\u00e9tremp\u00e9s\u00a0\u00bb) au moment de peindre avec, selon les proc\u00e9d\u00e9s, un liant cellulosique ou vinylique. L\u2019\u00e9lasticit\u00e9 du liant dans son pouvoir de dissolution permet un rendu clair et mat.<\/p>\t\t\t\t\t\t<\/div>\n\t\t\t\t<\/div>\n\t\t\t\t<div class=\"elementor-element elementor-element-6dd548c elementor-widget elementor-widget-spacer\" data-id=\"6dd548c\" data-element_type=\"widget\" data-widget_type=\"spacer.default\">\n\t\t\t\t<div class=\"elementor-widget-container\">\n\t\t\t<style>\/*! elementor - v3.6.6 - 08-06-2022 *\/\n.e-container.e-container--row .elementor-spacer-inner{width:var(--spacer-size)}.e-container.e-container--column .elementor-spacer-inner,.elementor-column .elementor-spacer-inner{height:var(--spacer-size)}<\/style>\t\t<div class=\"elementor-spacer\">\n\t\t\t<div class=\"elementor-spacer-inner\"><\/div>\n\t\t<\/div>\n\t\t\t\t<\/div>\n\t\t\t\t<\/div>\n\t\t\t\t\t<\/div>\n\t\t<\/div>\n\t\t\t\t\t\t\t<\/div>\n\t\t<\/section>\n\t\t\t\t<section class=\"elementor-section elementor-top-section elementor-element elementor-element-618a45a elementor-section-boxed elementor-section-height-default elementor-section-height-default\" data-id=\"618a45a\" data-element_type=\"section\">\n\t\t\t\t\t\t<div class=\"elementor-container elementor-column-gap-default\">\n\t\t\t\t\t<div class=\"elementor-column elementor-col-50 elementor-top-column elementor-element elementor-element-ae7522d\" data-id=\"ae7522d\" data-element_type=\"column\">\n\t\t\t<div class=\"elementor-widget-wrap elementor-element-populated\">\n\t\t\t\t\t\t\t\t<div class=\"elementor-element elementor-element-7a8db2c elementor-widget elementor-widget-image\" data-id=\"7a8db2c\" data-element_type=\"widget\" data-widget_type=\"image.default\">\n\t\t\t\t<div class=\"elementor-widget-container\">\n\t\t\t<style>\/*! elementor - v3.6.6 - 08-06-2022 *\/\n.elementor-widget-image{text-align:center}.elementor-widget-image a{display:inline-block}.elementor-widget-image a img[src$=\".svg\"]{width:48px}.elementor-widget-image img{vertical-align:middle;display:inline-block}<\/style>\t\t\t\t\t\t\t\t\t\t\t\t<img loading=\"lazy\" decoding=\"async\" width=\"925\" height=\"694\" src=\"https:\/\/atelierpictura.fr\/wp-content\/uploads\/2022\/03\/458824E4-F8FD-423A-9B35-8978EEF612E0-1024x768.jpeg\" class=\"attachment-large size-large\" alt=\"\" srcset=\"https:\/\/atelierpictura.fr\/wp-content\/uploads\/2022\/03\/458824E4-F8FD-423A-9B35-8978EEF612E0-1024x768.jpeg 1024w, https:\/\/atelierpictura.fr\/wp-content\/uploads\/2022\/03\/458824E4-F8FD-423A-9B35-8978EEF612E0-300x225.jpeg 300w, https:\/\/atelierpictura.fr\/wp-content\/uploads\/2022\/03\/458824E4-F8FD-423A-9B35-8978EEF612E0-768x576.jpeg 768w, https:\/\/atelierpictura.fr\/wp-content\/uploads\/2022\/03\/458824E4-F8FD-423A-9B35-8978EEF612E0-1536x1152.jpeg 1536w, https:\/\/atelierpictura.fr\/wp-content\/uploads\/2022\/03\/458824E4-F8FD-423A-9B35-8978EEF612E0-2048x1536.jpeg 2048w, https:\/\/atelierpictura.fr\/wp-content\/uploads\/2022\/03\/458824E4-F8FD-423A-9B35-8978EEF612E0-80x60.jpeg 80w\" sizes=\"auto, (max-width: 925px) 100vw, 925px\" \/>\t\t\t\t\t\t\t\t\t\t\t\t\t\t\t<\/div>\n\t\t\t\t<\/div>\n\t\t\t\t\t<\/div>\n\t\t<\/div>\n\t\t\t\t<div class=\"elementor-column elementor-col-50 elementor-top-column elementor-element elementor-element-f2c6667\" data-id=\"f2c6667\" data-element_type=\"column\">\n\t\t\t<div class=\"elementor-widget-wrap elementor-element-populated\">\n\t\t\t\t\t\t\t\t<div class=\"elementor-element elementor-element-8b875c4 elementor-widget elementor-widget-text-editor\" data-id=\"8b875c4\" data-element_type=\"widget\" data-widget_type=\"text-editor.default\">\n\t\t\t\t<div class=\"elementor-widget-container\">\n\t\t\t\t\t\t\t<p style=\"font-weight: 400;\"><b><strong>Vous apprenez<\/strong><\/b><\/p><ul style=\"font-weight: 400;\"><li>la fabrication le la peinture \u00e0 la colle<\/li><li>la technique de base et les divers possibilit\u00e9s d\u2019application<\/li><\/ul>\t\t\t\t\t\t<\/div>\n\t\t\t\t<\/div>\n\t\t\t\t\t<\/div>\n\t\t<\/div>\n\t\t\t\t\t\t\t<\/div>\n\t\t<\/section>\n\t\t\t\t<section class=\"elementor-section elementor-top-section elementor-element elementor-element-58a0f54 elementor-section-boxed elementor-section-height-default elementor-section-height-default\" data-id=\"58a0f54\" data-element_type=\"section\">\n\t\t\t\t\t\t<div class=\"elementor-container elementor-column-gap-default\">\n\t\t\t\t\t<div class=\"elementor-column elementor-col-100 elementor-top-column elementor-element elementor-element-21850f0\" data-id=\"21850f0\" data-element_type=\"column\">\n\t\t\t<div class=\"elementor-widget-wrap elementor-element-populated\">\n\t\t\t\t\t\t\t\t<div class=\"elementor-element elementor-element-998423d elementor-widget elementor-widget-spacer\" data-id=\"998423d\" data-element_type=\"widget\" data-widget_type=\"spacer.default\">\n\t\t\t\t<div class=\"elementor-widget-container\">\n\t\t\t\t\t<div class=\"elementor-spacer\">\n\t\t\t<div class=\"elementor-spacer-inner\"><\/div>\n\t\t<\/div>\n\t\t\t\t<\/div>\n\t\t\t\t<\/div>\n\t\t\t\t\t<\/div>\n\t\t<\/div>\n\t\t\t\t\t\t\t<\/div>\n\t\t<\/section>\n\t\t\t\t<section class=\"elementor-section elementor-top-section elementor-element elementor-element-c03de15 elementor-section-boxed elementor-section-height-default elementor-section-height-default\" data-id=\"c03de15\" data-element_type=\"section\">\n\t\t\t\t\t\t<div class=\"elementor-container elementor-column-gap-default\">\n\t\t\t\t\t<div class=\"elementor-column elementor-col-100 elementor-top-column elementor-element elementor-element-2d39d74\" data-id=\"2d39d74\" data-element_type=\"column\">\n\t\t\t<div class=\"elementor-widget-wrap elementor-element-populated\">\n\t\t\t\t\t\t\t\t<div class=\"elementor-element elementor-element-890cb6c elementor-widget elementor-widget-text-editor\" data-id=\"890cb6c\" data-element_type=\"widget\" data-widget_type=\"text-editor.default\">\n\t\t\t\t<div class=\"elementor-widget-container\">\n\t\t\t\t\t\t\t<p style=\"font-weight: 400;\"><b><strong>Horaires<\/strong><\/b><\/p><p style=\"font-weight: 400;\">10h \u2013 12h et 14h \u2013 17h<\/p><p style=\"font-weight: 400;\"><b><strong>Tarifs<\/strong><\/b><\/p><p style=\"font-weight: 400;\">3 jours, 300 euros sans mat\u00e9riel<\/p><p style=\"font-weight: 400;\"><b><strong>Dates<\/strong><\/b><\/p><p style=\"font-weight: 400;\"><a href=\"https:\/\/www.regardaupluriel.com\/nous-contacter\/\">Sur demande.<\/a>\u00a0Les stages se d\u00e9roulent sur toute l\u2019ann\u00e9e<\/p><p style=\"font-weight: 400;\">Sur demande vous pouvez aussi apprendre cette technique dans les cours suivants:\u00a0<a href=\"https:\/\/www.regardaupluriel.com\/ecole-art-atelier-pictura\/cours-peinture\/cours-de-peinture\/\">\u00e0 la carte<\/a>,\u00a0<a href=\"https:\/\/www.regardaupluriel.com\/ecole-art-atelier-pictura\/cours-peinture\/cours-particulier\/\">cours particulier,<\/a>\u00a0<a href=\"https:\/\/www.regardaupluriel.com\/ecole-art-atelier-pictura\/cours-peinture\/cours-de-perfectionnement\/\">cours de perfectionnement<\/a><\/p><p style=\"font-weight: 400;\"><b><strong>Possibilit\u00e9 d\u2019h\u00e9bergement<\/strong><\/b>\u00a0pendant que vous suivez un stage dans nos ateliers\u00a0ou simplement pour passer quelques jours dans notre belle r\u00e9gion\u00a0\u2013 nous vous proposons les h\u00e9bergements suivants\u00a0<b><strong><a href=\"https:\/\/www.regardaupluriel.com\/accueil\/hebergement\/\">ici<\/a>\u00a0:<\/strong><\/b><\/p><p style=\"font-weight: 400;\">\u00a0<\/p><p style=\"font-weight: 400;\">Langues parl\u00e9es: fran\u00e7ais, anglais et allemand<\/p>\t\t\t\t\t\t<\/div>\n\t\t\t\t<\/div>\n\t\t\t\t\t<\/div>\n\t\t<\/div>\n\t\t\t\t\t\t\t<\/div>\n\t\t<\/section>\n\t\t\t\t\t\t\t<\/div>\n\t\t","protected":false},"excerpt":{"rendered":"<p>La peinture \u00e0 la colle\u00a0ou d\u00e9trempe est une technique de peinture particuli\u00e8re. Les pigments sont m\u00e9lang\u00e9s \u00e0 l\u2019eau, puis d\u00e9lay\u00e9s (ou \u00ab\u00a0d\u00e9tremp\u00e9s\u00a0\u00bb) au moment de peindre avec, selon les proc\u00e9d\u00e9s, un liant cellulosique ou vinylique. L\u2019\u00e9lasticit\u00e9 du liant dans son pouvoir de dissolution permet un rendu clair et mat. Vous apprenez la fabrication le la &hellip; <\/p>\n","protected":false},"author":1,"featured_media":0,"parent":0,"menu_order":0,"comment_status":"closed","ping_status":"closed","template":"","meta":{"footnotes":""},"class_list":["post-97","page","type-page","status-publish","hentry"],"_links":{"self":[{"href":"https:\/\/atelierpictura.fr\/index.php?rest_route=\/wp\/v2\/pages\/97","targetHints":{"allow":["GET"]}}],"collection":[{"href":"https:\/\/atelierpictura.fr\/index.php?rest_route=\/wp\/v2\/pages"}],"about":[{"href":"https:\/\/atelierpictura.fr\/index.php?rest_route=\/wp\/v2\/types\/page"}],"author":[{"embeddable":true,"href":"https:\/\/atelierpictura.fr\/index.php?rest_route=\/wp\/v2\/users\/1"}],"replies":[{"embeddable":true,"href":"https:\/\/atelierpictura.fr\/index.php?rest_route=%2Fwp%2Fv2%2Fcomments&post=97"}],"version-history":[{"count":4,"href":"https:\/\/atelierpictura.fr\/index.php?rest_route=\/wp\/v2\/pages\/97\/revisions"}],"predecessor-version":[{"id":241,"href":"https:\/\/atelierpictura.fr\/index.php?rest_route=\/wp\/v2\/pages\/97\/revisions\/241"}],"wp:attachment":[{"href":"https:\/\/atelierpictura.fr\/index.php?rest_route=%2Fwp%2Fv2%2Fmedia&parent=97"}],"curies":[{"name":"wp","href":"https:\/\/api.w.org\/{rel}","templated":true}]}}