{"id":93,"date":"2022-03-16T17:12:08","date_gmt":"2022-03-16T16:12:08","guid":{"rendered":"http:\/\/atelierpictura.fr\/?page_id=93"},"modified":"2022-04-01T15:35:17","modified_gmt":"2022-04-01T13:35:17","slug":"aquarelle","status":"publish","type":"page","link":"https:\/\/atelierpictura.fr\/?page_id=93","title":{"rendered":"Aquarelle"},"content":{"rendered":"\t\t<div data-elementor-type=\"wp-page\" data-elementor-id=\"93\" class=\"elementor elementor-93\">\n\t\t\t\t\t\t\t\t\t<section class=\"elementor-section elementor-top-section elementor-element elementor-element-7d47786 elementor-section-boxed elementor-section-height-default elementor-section-height-default\" data-id=\"7d47786\" data-element_type=\"section\">\n\t\t\t\t\t\t<div class=\"elementor-container elementor-column-gap-default\">\n\t\t\t\t\t<div class=\"elementor-column elementor-col-100 elementor-top-column elementor-element elementor-element-cc303f8\" data-id=\"cc303f8\" data-element_type=\"column\">\n\t\t\t<div class=\"elementor-widget-wrap elementor-element-populated\">\n\t\t\t\t\t\t\t\t<div class=\"elementor-element elementor-element-790385d elementor-widget elementor-widget-text-editor\" data-id=\"790385d\" data-element_type=\"widget\" data-widget_type=\"text-editor.default\">\n\t\t\t\t<div class=\"elementor-widget-container\">\n\t\t\t<style>\/*! elementor - v3.6.6 - 08-06-2022 *\/\n.elementor-widget-text-editor.elementor-drop-cap-view-stacked .elementor-drop-cap{background-color:#818a91;color:#fff}.elementor-widget-text-editor.elementor-drop-cap-view-framed .elementor-drop-cap{color:#818a91;border:3px solid;background-color:transparent}.elementor-widget-text-editor:not(.elementor-drop-cap-view-default) .elementor-drop-cap{margin-top:8px}.elementor-widget-text-editor:not(.elementor-drop-cap-view-default) .elementor-drop-cap-letter{width:1em;height:1em}.elementor-widget-text-editor .elementor-drop-cap{float:left;text-align:center;line-height:1;font-size:50px}.elementor-widget-text-editor .elementor-drop-cap-letter{display:inline-block}<\/style>\t\t\t\t<h2 style=\"font-weight: 400;\">Stage Aquarelle<\/h2><p style=\"font-weight: 400;\"><b><strong><br \/>\u00a0L\u2019aquarelle<\/strong><\/b>\u00a0est une technique picturale fond\u00e9e sur l\u2019utilisation de pigments finement broy\u00e9s, agglutin\u00e9s avec de l\u2019eau gomm\u00e9e. Elle se pratique g\u00e9n\u00e9ralement sur un support papier sp\u00e9cifique. Sa transparence la diff\u00e9rencie de la gouache qui est opaque. Le faible encombrement du mat\u00e9riel et sa rapidit\u00e9 d\u2019ex\u00e9cution technique en font l\u2019outil id\u00e9al pour la r\u00e9alisation de\u00a0<b><strong>croquis<\/strong><\/b>\u00a0et\u00a0<b><strong>d\u2019\u00e9tudes<\/strong><\/b>.\u00a0Contrairement \u00e0 ce que l\u2019on pense tr\u00e8s souvent, la pratique de l\u2019aquarelle est difficile et surtout tr\u00e8s technique.\u00a0Elle requiert nombre de savoirs et de gestes sp\u00e9cifiques.<\/p>\t\t\t\t\t\t<\/div>\n\t\t\t\t<\/div>\n\t\t\t\t<div class=\"elementor-element elementor-element-a5b4abf elementor-widget elementor-widget-spacer\" data-id=\"a5b4abf\" data-element_type=\"widget\" data-widget_type=\"spacer.default\">\n\t\t\t\t<div class=\"elementor-widget-container\">\n\t\t\t<style>\/*! elementor - v3.6.6 - 08-06-2022 *\/\n.e-container.e-container--row .elementor-spacer-inner{width:var(--spacer-size)}.e-container.e-container--column .elementor-spacer-inner,.elementor-column .elementor-spacer-inner{height:var(--spacer-size)}<\/style>\t\t<div class=\"elementor-spacer\">\n\t\t\t<div class=\"elementor-spacer-inner\"><\/div>\n\t\t<\/div>\n\t\t\t\t<\/div>\n\t\t\t\t<\/div>\n\t\t\t\t\t<\/div>\n\t\t<\/div>\n\t\t\t\t\t\t\t<\/div>\n\t\t<\/section>\n\t\t\t\t<section class=\"elementor-section elementor-top-section elementor-element elementor-element-b6b5a35 elementor-section-boxed elementor-section-height-default elementor-section-height-default\" data-id=\"b6b5a35\" data-element_type=\"section\">\n\t\t\t\t\t\t<div class=\"elementor-container elementor-column-gap-default\">\n\t\t\t\t\t<div class=\"elementor-column elementor-col-50 elementor-top-column elementor-element elementor-element-22b2390\" data-id=\"22b2390\" data-element_type=\"column\">\n\t\t\t<div class=\"elementor-widget-wrap elementor-element-populated\">\n\t\t\t\t\t\t\t\t<div class=\"elementor-element elementor-element-dacf903 elementor-widget elementor-widget-image\" data-id=\"dacf903\" data-element_type=\"widget\" data-widget_type=\"image.default\">\n\t\t\t\t<div class=\"elementor-widget-container\">\n\t\t\t<style>\/*! elementor - v3.6.6 - 08-06-2022 *\/\n.elementor-widget-image{text-align:center}.elementor-widget-image a{display:inline-block}.elementor-widget-image a img[src$=\".svg\"]{width:48px}.elementor-widget-image img{vertical-align:middle;display:inline-block}<\/style>\t\t\t\t\t\t\t\t\t\t\t\t<img loading=\"lazy\" decoding=\"async\" width=\"925\" height=\"617\" src=\"https:\/\/atelierpictura.fr\/wp-content\/uploads\/2022\/03\/C6A7ED17-E614-43C7-92E6-8A4D6996E508-1024x683.jpeg\" class=\"attachment-large size-large\" alt=\"\" srcset=\"https:\/\/atelierpictura.fr\/wp-content\/uploads\/2022\/03\/C6A7ED17-E614-43C7-92E6-8A4D6996E508-1024x683.jpeg 1024w, https:\/\/atelierpictura.fr\/wp-content\/uploads\/2022\/03\/C6A7ED17-E614-43C7-92E6-8A4D6996E508-300x200.jpeg 300w, https:\/\/atelierpictura.fr\/wp-content\/uploads\/2022\/03\/C6A7ED17-E614-43C7-92E6-8A4D6996E508-768x512.jpeg 768w, https:\/\/atelierpictura.fr\/wp-content\/uploads\/2022\/03\/C6A7ED17-E614-43C7-92E6-8A4D6996E508-1536x1025.jpeg 1536w, https:\/\/atelierpictura.fr\/wp-content\/uploads\/2022\/03\/C6A7ED17-E614-43C7-92E6-8A4D6996E508-2048x1366.jpeg 2048w, https:\/\/atelierpictura.fr\/wp-content\/uploads\/2022\/03\/C6A7ED17-E614-43C7-92E6-8A4D6996E508-90x60.jpeg 90w\" sizes=\"auto, (max-width: 925px) 100vw, 925px\" \/>\t\t\t\t\t\t\t\t\t\t\t\t\t\t\t<\/div>\n\t\t\t\t<\/div>\n\t\t\t\t\t<\/div>\n\t\t<\/div>\n\t\t\t\t<div class=\"elementor-column elementor-col-50 elementor-top-column elementor-element elementor-element-3095154\" data-id=\"3095154\" data-element_type=\"column\">\n\t\t\t<div class=\"elementor-widget-wrap elementor-element-populated\">\n\t\t\t\t\t\t\t\t<div class=\"elementor-element elementor-element-ea8e0f3 elementor-widget elementor-widget-text-editor\" data-id=\"ea8e0f3\" data-element_type=\"widget\" data-widget_type=\"text-editor.default\">\n\t\t\t\t<div class=\"elementor-widget-container\">\n\t\t\t\t\t\t\t<p style=\"font-weight: 400;\"><b><strong>Vous apprenez<\/strong><\/b><\/p><ul style=\"font-weight: 400;\"><li>la composition d\u2019une aquarelle<\/li><li>les notions et gestes de base\u00a0<\/li><li>\u00e0 ma\u00eetriser la couleur<\/li><li>l\u2019application des blancs et des r\u00e9serves<\/li><li>l\u2019utilisation des effets<\/li><li>\u00e0 pr\u00e9parer et r\u00e9aliser une aquarelle<\/li><\/ul><p style=\"font-weight: 400;\">\u00a0<\/p><p style=\"font-weight: 400;\">Ma\u00eetre de stage\u00a0<a href=\"https:\/\/www.regardaupluriel.com\/atelier-pictura\/bruno-le-bail\/\">Bruno Le Bail<\/a><\/p>\t\t\t\t\t\t<\/div>\n\t\t\t\t<\/div>\n\t\t\t\t\t<\/div>\n\t\t<\/div>\n\t\t\t\t\t\t\t<\/div>\n\t\t<\/section>\n\t\t\t\t<section class=\"elementor-section elementor-top-section elementor-element elementor-element-d3a7f1c elementor-section-boxed elementor-section-height-default elementor-section-height-default\" data-id=\"d3a7f1c\" data-element_type=\"section\">\n\t\t\t\t\t\t<div class=\"elementor-container elementor-column-gap-default\">\n\t\t\t\t\t<div class=\"elementor-column elementor-col-100 elementor-top-column elementor-element elementor-element-862f49d\" data-id=\"862f49d\" data-element_type=\"column\">\n\t\t\t<div class=\"elementor-widget-wrap elementor-element-populated\">\n\t\t\t\t\t\t\t\t<div class=\"elementor-element elementor-element-563280a elementor-widget elementor-widget-spacer\" data-id=\"563280a\" data-element_type=\"widget\" data-widget_type=\"spacer.default\">\n\t\t\t\t<div class=\"elementor-widget-container\">\n\t\t\t\t\t<div class=\"elementor-spacer\">\n\t\t\t<div class=\"elementor-spacer-inner\"><\/div>\n\t\t<\/div>\n\t\t\t\t<\/div>\n\t\t\t\t<\/div>\n\t\t\t\t\t<\/div>\n\t\t<\/div>\n\t\t\t\t\t\t\t<\/div>\n\t\t<\/section>\n\t\t\t\t<section class=\"elementor-section elementor-top-section elementor-element elementor-element-9c88bd6 elementor-section-boxed elementor-section-height-default elementor-section-height-default\" data-id=\"9c88bd6\" data-element_type=\"section\">\n\t\t\t\t\t\t<div class=\"elementor-container elementor-column-gap-default\">\n\t\t\t\t\t<div class=\"elementor-column elementor-col-100 elementor-top-column elementor-element elementor-element-238e35d\" data-id=\"238e35d\" data-element_type=\"column\">\n\t\t\t<div class=\"elementor-widget-wrap elementor-element-populated\">\n\t\t\t\t\t\t\t\t<div class=\"elementor-element elementor-element-c15ee83 elementor-widget elementor-widget-text-editor\" data-id=\"c15ee83\" data-element_type=\"widget\" data-widget_type=\"text-editor.default\">\n\t\t\t\t<div class=\"elementor-widget-container\">\n\t\t\t\t\t\t\t<p align=\"center\"><strong>Horaires<\/strong><\/p><p align=\"center\">10h \u2013 12h et 14h \u2013 17h<\/p><p align=\"center\"><strong>Tarifs<\/strong><\/p><p align=\"center\">3 jours, 300 euros sans mat\u00e9riel<\/p><p align=\"center\"><span class=\"Apple-style-span\"><strong>Dates<\/strong><\/span><\/p><p align=\"center\"><a title=\"Nous contacter\" href=\"https:\/\/www.regardaupluriel.com\/nous-contacter\/\">Sur demande.<\/a>\u00a0Les stages se d\u00e9roulent sur toute l\u2019ann\u00e9e<\/p><p>Sur demande vous pouvez aussi apprendre cette technique dans les cours suivants:\u00a0<a title=\"Cours de peinture \u00e0 la carte\" href=\"https:\/\/www.regardaupluriel.com\/ecole-art-atelier-pictura\/cours-peinture\/cours-de-peinture\/\">\u00e0 la carte<\/a>,\u00a0<a title=\"Cours particulier\" href=\"https:\/\/www.regardaupluriel.com\/ecole-art-atelier-pictura\/cours-peinture\/cours-particulier\/\">cours particulier,<\/a>\u00a0<a title=\"Cours de perfectionnement\" href=\"https:\/\/www.regardaupluriel.com\/ecole-art-atelier-pictura\/cours-peinture\/cours-de-perfectionnement\/\">cours de perfectionnement<\/a><\/p><p align=\"center\"><span class=\"Apple-style-span\">\u00a0<\/span><\/p><p><strong>Possibilit\u00e9 d\u2019h\u00e9bergement<\/strong>\u00a0pendant que vous suivez un stage d\u2019aquarelle dans nos ateliers\u00a0ou simplement pour passer quelques jours dans notre belle r\u00e9gion\u00a0\u2013 nous vous proposons les h\u00e9bergements suivants\u00a0<a title=\"H\u00e9bergement\" href=\"https:\/\/www.regardaupluriel.com\/accueil\/hebergement\/\"><b>ici\u00a0:<\/b><\/a><\/p>\t\t\t\t\t\t<\/div>\n\t\t\t\t<\/div>\n\t\t\t\t\t<\/div>\n\t\t<\/div>\n\t\t\t\t\t\t\t<\/div>\n\t\t<\/section>\n\t\t\t\t\t\t\t<\/div>\n\t\t","protected":false},"excerpt":{"rendered":"<p>Stage Aquarelle \u00a0L\u2019aquarelle\u00a0est une technique picturale fond\u00e9e sur l\u2019utilisation de pigments finement broy\u00e9s, agglutin\u00e9s avec de l\u2019eau gomm\u00e9e. Elle se pratique g\u00e9n\u00e9ralement sur un support papier sp\u00e9cifique. Sa transparence la diff\u00e9rencie de la gouache qui est opaque. Le faible encombrement du mat\u00e9riel et sa rapidit\u00e9 d\u2019ex\u00e9cution technique en font l\u2019outil id\u00e9al pour la r\u00e9alisation de\u00a0croquis\u00a0et\u00a0d\u2019\u00e9tudes.\u00a0Contrairement &hellip; <\/p>\n","protected":false},"author":1,"featured_media":0,"parent":0,"menu_order":0,"comment_status":"closed","ping_status":"closed","template":"","meta":{"footnotes":""},"class_list":["post-93","page","type-page","status-publish","hentry"],"_links":{"self":[{"href":"https:\/\/atelierpictura.fr\/index.php?rest_route=\/wp\/v2\/pages\/93","targetHints":{"allow":["GET"]}}],"collection":[{"href":"https:\/\/atelierpictura.fr\/index.php?rest_route=\/wp\/v2\/pages"}],"about":[{"href":"https:\/\/atelierpictura.fr\/index.php?rest_route=\/wp\/v2\/types\/page"}],"author":[{"embeddable":true,"href":"https:\/\/atelierpictura.fr\/index.php?rest_route=\/wp\/v2\/users\/1"}],"replies":[{"embeddable":true,"href":"https:\/\/atelierpictura.fr\/index.php?rest_route=%2Fwp%2Fv2%2Fcomments&post=93"}],"version-history":[{"count":5,"href":"https:\/\/atelierpictura.fr\/index.php?rest_route=\/wp\/v2\/pages\/93\/revisions"}],"predecessor-version":[{"id":192,"href":"https:\/\/atelierpictura.fr\/index.php?rest_route=\/wp\/v2\/pages\/93\/revisions\/192"}],"wp:attachment":[{"href":"https:\/\/atelierpictura.fr\/index.php?rest_route=%2Fwp%2Fv2%2Fmedia&parent=93"}],"curies":[{"name":"wp","href":"https:\/\/api.w.org\/{rel}","templated":true}]}}