{"id":89,"date":"2022-03-16T17:11:15","date_gmt":"2022-03-16T16:11:15","guid":{"rendered":"http:\/\/atelierpictura.fr\/?page_id=89"},"modified":"2025-03-30T16:03:53","modified_gmt":"2025-03-30T14:03:53","slug":"stage","status":"publish","type":"page","link":"https:\/\/atelierpictura.fr\/?page_id=89","title":{"rendered":"stage"},"content":{"rendered":"\t\t<div data-elementor-type=\"wp-page\" data-elementor-id=\"89\" class=\"elementor elementor-89\">\n\t\t\t\t\t\t\t\t\t<section class=\"elementor-section elementor-top-section elementor-element elementor-element-56f7057 elementor-section-boxed elementor-section-height-default elementor-section-height-default\" data-id=\"56f7057\" data-element_type=\"section\">\n\t\t\t\t\t\t<div class=\"elementor-container elementor-column-gap-default\">\n\t\t\t\t\t<div class=\"elementor-column elementor-col-100 elementor-top-column elementor-element elementor-element-4d8824b\" data-id=\"4d8824b\" data-element_type=\"column\">\n\t\t\t<div class=\"elementor-widget-wrap elementor-element-populated\">\n\t\t\t\t\t\t\t\t<div class=\"elementor-element elementor-element-a8a9e78 elementor-widget elementor-widget-image\" data-id=\"a8a9e78\" data-element_type=\"widget\" data-widget_type=\"image.default\">\n\t\t\t\t<div class=\"elementor-widget-container\">\n\t\t\t<style>\/*! elementor - v3.6.6 - 08-06-2022 *\/\n.elementor-widget-image{text-align:center}.elementor-widget-image a{display:inline-block}.elementor-widget-image a img[src$=\".svg\"]{width:48px}.elementor-widget-image img{vertical-align:middle;display:inline-block}<\/style>\t\t\t\t\t\t\t\t\t\t\t\t<img decoding=\"async\" src=\"https:\/\/atelierpictura.fr\/wp-content\/uploads\/2022\/03\/095CAED3-C96A-4DA0-A4FA-E7B5F7F2B027.jpeg\" title=\"095CAED3-C96A-4DA0-A4FA-E7B5F7F2B027\" alt=\"095CAED3-C96A-4DA0-A4FA-E7B5F7F2B027\" \/>\t\t\t\t\t\t\t\t\t\t\t\t\t\t\t<\/div>\n\t\t\t\t<\/div>\n\t\t\t\t<div class=\"elementor-element elementor-element-cb8c535 elementor-widget elementor-widget-spacer\" data-id=\"cb8c535\" data-element_type=\"widget\" data-widget_type=\"spacer.default\">\n\t\t\t\t<div class=\"elementor-widget-container\">\n\t\t\t<style>\/*! elementor - v3.6.6 - 08-06-2022 *\/\n.e-container.e-container--row .elementor-spacer-inner{width:var(--spacer-size)}.e-container.e-container--column .elementor-spacer-inner,.elementor-column .elementor-spacer-inner{height:var(--spacer-size)}<\/style>\t\t<div class=\"elementor-spacer\">\n\t\t\t<div class=\"elementor-spacer-inner\"><\/div>\n\t\t<\/div>\n\t\t\t\t<\/div>\n\t\t\t\t<\/div>\n\t\t\t\t<div class=\"elementor-element elementor-element-f72f59b elementor-widget elementor-widget-text-editor\" data-id=\"f72f59b\" data-element_type=\"widget\" data-widget_type=\"text-editor.default\">\n\t\t\t\t<div class=\"elementor-widget-container\">\n\t\t\t<style>\/*! elementor - v3.6.6 - 08-06-2022 *\/\n.elementor-widget-text-editor.elementor-drop-cap-view-stacked .elementor-drop-cap{background-color:#818a91;color:#fff}.elementor-widget-text-editor.elementor-drop-cap-view-framed .elementor-drop-cap{color:#818a91;border:3px solid;background-color:transparent}.elementor-widget-text-editor:not(.elementor-drop-cap-view-default) .elementor-drop-cap{margin-top:8px}.elementor-widget-text-editor:not(.elementor-drop-cap-view-default) .elementor-drop-cap-letter{width:1em;height:1em}.elementor-widget-text-editor .elementor-drop-cap{float:left;text-align:center;line-height:1;font-size:50px}.elementor-widget-text-editor .elementor-drop-cap-letter{display:inline-block}<\/style>\t\t\t\t<p>L\u2019enseignement propos\u00e9 \u00e0 l\u2019\u00e9cole d\u2019art Atelier Pictura\u00a0comporte plusieurs\u00a0 axes principaux.\u00a0Les programmes ont \u00e9t\u00e9 pens\u00e9s et \u00e9labor\u00e9s afin de guider chacun vers des r\u00e9sultats gratifiants, source de motivation. Dans tous les<strong>\u00a0stages<\/strong><a title=\"Stage\" href=\"https:\/\/www.regardaupluriel.com\/ecole-art-atelier-pictura\/stages\/\">\u00a0<\/a>vous apprenez \u00e0 structurer et concr\u00e9tiser vos id\u00e9es jusqu\u2019\u00e0 un r\u00e9sultat final.<\/p><p>Ils s\u2019adressent \u00e0 tous, \u00a0aux jeunes, d\u00e9butants et confirm\u00e9s,\u00a0se d\u00e9roulent \u00e0 l\u2019ann\u00e9e, pendant les vacances o\u00f9 \u00e0 la carte dans\u00a0<b>une ambiance toute particuli\u00e8re, un authentique atelier d\u2019artiste \u00e0 partager.<\/b><\/p><p>L\u2019atelier b\u00e9n\u00e9ficie d\u2019un tr\u00e8s bel emplacement\u00a0 en Provence, \u00e0\u00a0<a title=\"St. Laurent du Verdon\" href=\"https:\/\/maps.google.fr\/maps?q=St.+Laurent+du+Verdon&amp;ie=UTF-8&amp;ei=pVSwUaONKIGr0QXXxYGwBQ&amp;ved=0CAgQ_AUoAg\"><b>St. Laurent du Verdon<\/b><\/a>, dans les Gorges du Verdon\u00a0 et \u00e0\u00a0<strong><a href=\"https:\/\/maps.google.fr\/maps?client=safari&amp;q=Jouques&amp;oe=UTF-8&amp;ie=UTF-8&amp;ei=vWqwUYe9EJCa0QWaroGAAg&amp;ved=0CAsQ_AUoAg\">Jouques<\/a>,<\/strong>\u00a0\u00e0 40 min. de Aix en Provence. Acc\u00e8s et parking y sont ais\u00e9s et facilitent l\u2019approche du lieu.<\/p><p>D\u00e9sireux de vous apporter le meilleur enseignement adapt\u00e9 \u00e0 vos besoins cr\u00e9atifs, nous vous conseillons avec plaisir.<\/p><p><b>\u00a0<\/b><\/p><p><b>L\u2019Atelier Pictura<\/b>\u00a0a \u00e9t\u00e9 cr\u00e9\u00e9 en 1990 sous l\u2019initiative de\u00a0<b>Bruno Le Bail<\/b>, form\u00e9 \u00e0 l\u2019Ecole Nationale Sup\u00e9rieure des Beaux-Arts de Paris, qui en est depuis le responsable.\u2028 Il est peintre, ma\u00eetre de stage, professeur de peinture \u00a0et conf\u00e9rencier de l\u2019histoire de l\u2019art.<\/p><p><b>Association Atelier Pictura<\/b><\/p><p>Route d\u2019Artignosc<\/p><p>04500 St. Laurent du Verdon \/\u00a0France<\/p><p>e-mail : \u00a0bruno.lebail0015@orange.fr<\/p><p>t\u00e9l : + 33 (0)6 79 21 07 67\u00a0<\/p><p>Facebook :<a href=\"https:\/\/www.facebook.com\/regardauplurielatelier\">\u00a0https:\/\/www.facebook.com\/regardauplurielatelier<\/a><\/p>\t\t\t\t\t\t<\/div>\n\t\t\t\t<\/div>\n\t\t\t\t\t<\/div>\n\t\t<\/div>\n\t\t\t\t\t\t\t<\/div>\n\t\t<\/section>\n\t\t\t\t\t\t\t<\/div>\n\t\t","protected":false},"excerpt":{"rendered":"<p>L\u2019enseignement propos\u00e9 \u00e0 l\u2019\u00e9cole d\u2019art Atelier Pictura\u00a0comporte plusieurs\u00a0 axes principaux.\u00a0Les programmes ont \u00e9t\u00e9 pens\u00e9s et \u00e9labor\u00e9s afin de guider chacun vers des r\u00e9sultats gratifiants, source de motivation. Dans tous les\u00a0stages\u00a0vous apprenez \u00e0 structurer et concr\u00e9tiser vos id\u00e9es jusqu\u2019\u00e0 un r\u00e9sultat final. Ils s\u2019adressent \u00e0 tous, \u00a0aux jeunes, d\u00e9butants et confirm\u00e9s,\u00a0se d\u00e9roulent \u00e0 l\u2019ann\u00e9e, pendant les &hellip; <\/p>\n","protected":false},"author":1,"featured_media":0,"parent":0,"menu_order":0,"comment_status":"closed","ping_status":"closed","template":"","meta":{"footnotes":""},"class_list":["post-89","page","type-page","status-publish","hentry"],"_links":{"self":[{"href":"https:\/\/atelierpictura.fr\/index.php?rest_route=\/wp\/v2\/pages\/89","targetHints":{"allow":["GET"]}}],"collection":[{"href":"https:\/\/atelierpictura.fr\/index.php?rest_route=\/wp\/v2\/pages"}],"about":[{"href":"https:\/\/atelierpictura.fr\/index.php?rest_route=\/wp\/v2\/types\/page"}],"author":[{"embeddable":true,"href":"https:\/\/atelierpictura.fr\/index.php?rest_route=\/wp\/v2\/users\/1"}],"replies":[{"embeddable":true,"href":"https:\/\/atelierpictura.fr\/index.php?rest_route=%2Fwp%2Fv2%2Fcomments&post=89"}],"version-history":[{"count":19,"href":"https:\/\/atelierpictura.fr\/index.php?rest_route=\/wp\/v2\/pages\/89\/revisions"}],"predecessor-version":[{"id":452,"href":"https:\/\/atelierpictura.fr\/index.php?rest_route=\/wp\/v2\/pages\/89\/revisions\/452"}],"wp:attachment":[{"href":"https:\/\/atelierpictura.fr\/index.php?rest_route=%2Fwp%2Fv2%2Fmedia&parent=89"}],"curies":[{"name":"wp","href":"https:\/\/api.w.org\/{rel}","templated":true}]}}