{"id":356,"date":"2022-06-15T14:32:25","date_gmt":"2022-06-15T12:32:25","guid":{"rendered":"http:\/\/atelierpictura.fr\/?page_id=356"},"modified":"2022-06-15T21:05:06","modified_gmt":"2022-06-15T19:05:06","slug":"a-propos","status":"publish","type":"page","link":"https:\/\/atelierpictura.fr\/?page_id=356","title":{"rendered":"Bruno Le Bail"},"content":{"rendered":"\t\t<div data-elementor-type=\"wp-page\" data-elementor-id=\"356\" class=\"elementor elementor-356\">\n\t\t\t\t\t\t\t\t\t<section class=\"elementor-section elementor-top-section elementor-element elementor-element-be7820e elementor-section-boxed elementor-section-height-default elementor-section-height-default\" data-id=\"be7820e\" data-element_type=\"section\">\n\t\t\t\t\t\t<div class=\"elementor-container elementor-column-gap-default\">\n\t\t\t\t\t<div class=\"elementor-column elementor-col-33 elementor-top-column elementor-element elementor-element-a06422e\" data-id=\"a06422e\" data-element_type=\"column\">\n\t\t\t<div class=\"elementor-widget-wrap elementor-element-populated\">\n\t\t\t\t\t\t\t\t<div class=\"elementor-element elementor-element-3b1d94a elementor-widget elementor-widget-image\" data-id=\"3b1d94a\" data-element_type=\"widget\" data-widget_type=\"image.default\">\n\t\t\t\t<div class=\"elementor-widget-container\">\n\t\t\t<style>\/*! elementor - v3.6.6 - 08-06-2022 *\/\n.elementor-widget-image{text-align:center}.elementor-widget-image a{display:inline-block}.elementor-widget-image a img[src$=\".svg\"]{width:48px}.elementor-widget-image img{vertical-align:middle;display:inline-block}<\/style>\t\t\t\t\t\t\t\t\t\t\t\t<img decoding=\"async\" src=\"https:\/\/atelierpictura.fr\/wp-content\/uploads\/2022\/03\/7BDBDB8F-73ED-4E15-B42E-F6E6D6D7A984.jpeg\" title=\"7BDBDB8F-73ED-4E15-B42E-F6E6D6D7A984\" alt=\"7BDBDB8F-73ED-4E15-B42E-F6E6D6D7A984\" \/>\t\t\t\t\t\t\t\t\t\t\t\t\t\t\t<\/div>\n\t\t\t\t<\/div>\n\t\t\t\t\t<\/div>\n\t\t<\/div>\n\t\t\t\t<div class=\"elementor-column elementor-col-33 elementor-top-column elementor-element elementor-element-e446cdf\" data-id=\"e446cdf\" data-element_type=\"column\">\n\t\t\t<div class=\"elementor-widget-wrap elementor-element-populated\">\n\t\t\t\t\t\t\t\t<div class=\"elementor-element elementor-element-b2b5ade elementor-widget elementor-widget-image\" data-id=\"b2b5ade\" data-element_type=\"widget\" data-widget_type=\"image.default\">\n\t\t\t\t<div class=\"elementor-widget-container\">\n\t\t\t\t\t\t\t\t\t\t\t\t\t\t\t<img decoding=\"async\" src=\"https:\/\/atelierpictura.fr\/wp-content\/uploads\/2022\/03\/1B007A5A-8D3A-49D3-937E-1073C56FA218.jpeg\" title=\"1B007A5A-8D3A-49D3-937E-1073C56FA218\" alt=\"1B007A5A-8D3A-49D3-937E-1073C56FA218\" \/>\t\t\t\t\t\t\t\t\t\t\t\t\t\t\t<\/div>\n\t\t\t\t<\/div>\n\t\t\t\t\t<\/div>\n\t\t<\/div>\n\t\t\t\t<div class=\"elementor-column elementor-col-33 elementor-top-column elementor-element elementor-element-54ca522\" data-id=\"54ca522\" data-element_type=\"column\">\n\t\t\t<div class=\"elementor-widget-wrap elementor-element-populated\">\n\t\t\t\t\t\t\t\t<div class=\"elementor-element elementor-element-7f662a8 elementor-widget elementor-widget-image\" data-id=\"7f662a8\" data-element_type=\"widget\" data-widget_type=\"image.default\">\n\t\t\t\t<div class=\"elementor-widget-container\">\n\t\t\t\t\t\t\t\t\t\t\t\t\t\t\t<img decoding=\"async\" src=\"https:\/\/atelierpictura.fr\/wp-content\/uploads\/2022\/03\/78E74B1A-9559-4539-8AC1-FED3A5F81D55.jpeg\" title=\"78E74B1A-9559-4539-8AC1-FED3A5F81D55\" alt=\"78E74B1A-9559-4539-8AC1-FED3A5F81D55\" \/>\t\t\t\t\t\t\t\t\t\t\t\t\t\t\t<\/div>\n\t\t\t\t<\/div>\n\t\t\t\t\t<\/div>\n\t\t<\/div>\n\t\t\t\t\t\t\t<\/div>\n\t\t<\/section>\n\t\t\t\t<section class=\"elementor-section elementor-top-section elementor-element elementor-element-59b7546 elementor-section-boxed elementor-section-height-default elementor-section-height-default\" data-id=\"59b7546\" data-element_type=\"section\">\n\t\t\t\t\t\t<div class=\"elementor-container elementor-column-gap-default\">\n\t\t\t\t\t<div class=\"elementor-column elementor-col-33 elementor-top-column elementor-element elementor-element-a5dade7\" data-id=\"a5dade7\" data-element_type=\"column\">\n\t\t\t<div class=\"elementor-widget-wrap elementor-element-populated\">\n\t\t\t\t\t\t\t\t<div class=\"elementor-element elementor-element-6f1e268 elementor-widget elementor-widget-text-editor\" data-id=\"6f1e268\" data-element_type=\"widget\" data-widget_type=\"text-editor.default\">\n\t\t\t\t<div class=\"elementor-widget-container\">\n\t\t\t<style>\/*! elementor - v3.6.6 - 08-06-2022 *\/\n.elementor-widget-text-editor.elementor-drop-cap-view-stacked .elementor-drop-cap{background-color:#818a91;color:#fff}.elementor-widget-text-editor.elementor-drop-cap-view-framed .elementor-drop-cap{color:#818a91;border:3px solid;background-color:transparent}.elementor-widget-text-editor:not(.elementor-drop-cap-view-default) .elementor-drop-cap{margin-top:8px}.elementor-widget-text-editor:not(.elementor-drop-cap-view-default) .elementor-drop-cap-letter{width:1em;height:1em}.elementor-widget-text-editor .elementor-drop-cap{float:left;text-align:center;line-height:1;font-size:50px}.elementor-widget-text-editor .elementor-drop-cap-letter{display:inline-block}<\/style>\t\t\t\t<p><span class=\"info-title\"><strong>Nom:<\/strong> <br \/><\/span><span class=\"info-text\">Bruno Le Bail<\/span><\/p>\t\t\t\t\t\t<\/div>\n\t\t\t\t<\/div>\n\t\t\t\t\t<\/div>\n\t\t<\/div>\n\t\t\t\t<div class=\"elementor-column elementor-col-33 elementor-top-column elementor-element elementor-element-df342ce\" data-id=\"df342ce\" data-element_type=\"column\">\n\t\t\t<div class=\"elementor-widget-wrap elementor-element-populated\">\n\t\t\t\t\t\t\t\t<div class=\"elementor-element elementor-element-7bc8336 elementor-widget elementor-widget-text-editor\" data-id=\"7bc8336\" data-element_type=\"widget\" data-widget_type=\"text-editor.default\">\n\t\t\t\t<div class=\"elementor-widget-container\">\n\t\t\t\t\t\t\t<p><span class=\"info-title\"><strong>N\u00e9:<\/strong><br \/><\/span><span class=\"info-text\">9 juin 1963<\/span><\/p>\t\t\t\t\t\t<\/div>\n\t\t\t\t<\/div>\n\t\t\t\t\t<\/div>\n\t\t<\/div>\n\t\t\t\t<div class=\"elementor-column elementor-col-33 elementor-top-column elementor-element elementor-element-11ceb42\" data-id=\"11ceb42\" data-element_type=\"column\">\n\t\t\t<div class=\"elementor-widget-wrap elementor-element-populated\">\n\t\t\t\t\t\t\t\t<div class=\"elementor-element elementor-element-774292b elementor-widget elementor-widget-text-editor\" data-id=\"774292b\" data-element_type=\"widget\" data-widget_type=\"text-editor.default\">\n\t\t\t\t<div class=\"elementor-widget-container\">\n\t\t\t\t\t\t\t<p><strong><span class=\"info-title\">Formation:<br><\/span><\/strong><span class=\"info-text\">\u00c9cole Nationale Sup\u00e9rieure des Beaux Arts de Paris<\/span><\/p>\t\t\t\t\t\t<\/div>\n\t\t\t\t<\/div>\n\t\t\t\t\t<\/div>\n\t\t<\/div>\n\t\t\t\t\t\t\t<\/div>\n\t\t<\/section>\n\t\t\t\t<section class=\"elementor-section elementor-top-section elementor-element elementor-element-39619bf elementor-section-boxed elementor-section-height-default elementor-section-height-default\" data-id=\"39619bf\" data-element_type=\"section\">\n\t\t\t\t\t\t<div class=\"elementor-container elementor-column-gap-default\">\n\t\t\t\t\t<div class=\"elementor-column elementor-col-100 elementor-top-column elementor-element elementor-element-c1d97ef\" data-id=\"c1d97ef\" data-element_type=\"column\">\n\t\t\t<div class=\"elementor-widget-wrap elementor-element-populated\">\n\t\t\t\t\t\t\t\t<div class=\"elementor-element elementor-element-a470f3a elementor-widget elementor-widget-spacer\" data-id=\"a470f3a\" data-element_type=\"widget\" data-widget_type=\"spacer.default\">\n\t\t\t\t<div class=\"elementor-widget-container\">\n\t\t\t<style>\/*! elementor - v3.6.6 - 08-06-2022 *\/\n.e-container.e-container--row .elementor-spacer-inner{width:var(--spacer-size)}.e-container.e-container--column .elementor-spacer-inner,.elementor-column .elementor-spacer-inner{height:var(--spacer-size)}<\/style>\t\t<div class=\"elementor-spacer\">\n\t\t\t<div class=\"elementor-spacer-inner\"><\/div>\n\t\t<\/div>\n\t\t\t\t<\/div>\n\t\t\t\t<\/div>\n\t\t\t\t\t<\/div>\n\t\t<\/div>\n\t\t\t\t\t\t\t<\/div>\n\t\t<\/section>\n\t\t\t\t<section class=\"elementor-section elementor-top-section elementor-element elementor-element-56f6d01 elementor-section-boxed elementor-section-height-default elementor-section-height-default\" data-id=\"56f6d01\" data-element_type=\"section\">\n\t\t\t\t\t\t<div class=\"elementor-container elementor-column-gap-default\">\n\t\t\t\t\t<div class=\"elementor-column elementor-col-50 elementor-top-column elementor-element elementor-element-7ba7a71\" data-id=\"7ba7a71\" data-element_type=\"column\">\n\t\t\t<div class=\"elementor-widget-wrap elementor-element-populated\">\n\t\t\t\t\t\t\t\t<div class=\"elementor-element elementor-element-f207c8e elementor-widget elementor-widget-text-editor\" data-id=\"f207c8e\" data-element_type=\"widget\" data-widget_type=\"text-editor.default\">\n\t\t\t\t<div class=\"elementor-widget-container\">\n\t\t\t\t\t\t\t<div class=\"wpb_text_column wpb_content_element \"><div class=\"wpb_wrapper\"><p>Bruno Le Bail est l\u2019un des peintres les plus prolifiques et les plus dou\u00e9s de sa g\u00e9n\u00e9ration. Il poursuit ses recherches picturales sur la ligne continue, le mouvement et l\u2019espace temps depuis plus de 30 ans.<\/p><p>Ce peintre nous entraine, malgr\u00e9 lui, au plus profond de l\u2019art, dans les recoins les plus cach\u00e9s, plus loin encore que cette chose si ind\u00e9finie qu\u2019on peut nommer (ou pas nommer) \u00ab una certa sprezzatura \u00bb. Devant ses \u0153uvres extr\u00eames, audacieuses et risqu\u00e9es on passe des instants de pure oublie qui r\u00e9sonnent au plus pr\u00e8s de ce que nous sommes. Il a atteint la \u00ab fin \u00bb artistique de l\u2019art, comme l\u2019\u00e9crit Daniel Arasse : \u00ab \u2026le mouvement, la force et le souffle de ses figures sont des qualit\u00e9s qui ne se retrouvent que dans la chair et les choses vivantes \u00bb.<\/p><p>Ce n\u2019est pas \u00e9tonnant que les propos de Daniel Arasse sur la peinture de la Renaissance se glissent avec une facilit\u00e9 d\u00e9concertante sur cet artiste contemporain, car Bruno le Bail est connu pour inventer des machines, qu\u2019il construit et avec lesquelles il r\u00e9alise ses \u0153uvres. Ils se sont rencontr\u00e9s d\u2019ailleurs plusieurs fois et partageaient une fascination commune pour l\u2019\u0153uvre de Leonardo da Vinci.<\/p><p>Il r\u00e9alise dans la m\u00eame veine et avec la m\u00eame intensit\u00e9 que dans sa peinture de tr\u00e8s importantes s\u00e9ries de dessins, des gravures, des mobiles et des sculptures. Il enseigne avec enthousiasme et brio les arts plastiques \u00e0 l\u2019Atelier Pictura et transmet son savoir et sa vision de l\u2019histoire de l\u2019art par des conf\u00e9rences et des \u00e9crits.<\/p><p>Bruno Le Bail est le fondateur de l\u2019Association Atelier Pictura, cofondateur des \u00c9ditions Atelier Pictura et cofondateur de l\u2019Alimentation G\u00e9n\u00e9rale.<\/p><p>Il expose de fa\u00e7on r\u00e9guli\u00e8re en France et \u00e0 l\u2019\u00e9tranger. Il participe \u00e0 des expositions nationales et internationales. Ses \u0153uvres sont repr\u00e9sent\u00e9es dans des collections priv\u00e9es en France, Allemagne, Suisse, Angleterre, Etats-Unis et Japon.<\/p><\/div><\/div>\t\t\t\t\t\t<\/div>\n\t\t\t\t<\/div>\n\t\t\t\t\t<\/div>\n\t\t<\/div>\n\t\t\t\t<div class=\"elementor-column elementor-col-50 elementor-top-column elementor-element elementor-element-ffe549a\" data-id=\"ffe549a\" data-element_type=\"column\">\n\t\t\t<div class=\"elementor-widget-wrap elementor-element-populated\">\n\t\t\t\t\t\t\t\t<div class=\"elementor-element elementor-element-c182858 elementor-widget elementor-widget-image\" data-id=\"c182858\" data-element_type=\"widget\" data-widget_type=\"image.default\">\n\t\t\t\t<div class=\"elementor-widget-container\">\n\t\t\t\t\t\t\t\t\t\t\t\t\t\t\t<img loading=\"lazy\" decoding=\"async\" width=\"885\" height=\"885\" src=\"https:\/\/atelierpictura.fr\/wp-content\/uploads\/2022\/06\/IMG_3736.jpeg\" class=\"attachment-full size-full\" alt=\"\" srcset=\"https:\/\/atelierpictura.fr\/wp-content\/uploads\/2022\/06\/IMG_3736.jpeg 885w, https:\/\/atelierpictura.fr\/wp-content\/uploads\/2022\/06\/IMG_3736-300x300.jpeg 300w, https:\/\/atelierpictura.fr\/wp-content\/uploads\/2022\/06\/IMG_3736-150x150.jpeg 150w, https:\/\/atelierpictura.fr\/wp-content\/uploads\/2022\/06\/IMG_3736-768x768.jpeg 768w, https:\/\/atelierpictura.fr\/wp-content\/uploads\/2022\/06\/IMG_3736-60x60.jpeg 60w\" sizes=\"auto, (max-width: 885px) 100vw, 885px\" \/>\t\t\t\t\t\t\t\t\t\t\t\t\t\t\t<\/div>\n\t\t\t\t<\/div>\n\t\t\t\t\t<\/div>\n\t\t<\/div>\n\t\t\t\t\t\t\t<\/div>\n\t\t<\/section>\n\t\t\t\t\t\t\t<\/div>\n\t\t","protected":false},"excerpt":{"rendered":"<p>Nom: Bruno Le Bail N\u00e9:9 juin 1963 Formation:\u00c9cole Nationale Sup\u00e9rieure des Beaux Arts de Paris Bruno Le Bail est l\u2019un des peintres les plus prolifiques et les plus dou\u00e9s de sa g\u00e9n\u00e9ration. Il poursuit ses recherches picturales sur la ligne continue, le mouvement et l\u2019espace temps depuis plus de 30 ans. Ce peintre nous entraine, &hellip; <\/p>\n","protected":false},"author":1,"featured_media":0,"parent":0,"menu_order":0,"comment_status":"closed","ping_status":"closed","template":"","meta":{"footnotes":""},"class_list":["post-356","page","type-page","status-publish","hentry"],"_links":{"self":[{"href":"https:\/\/atelierpictura.fr\/index.php?rest_route=\/wp\/v2\/pages\/356","targetHints":{"allow":["GET"]}}],"collection":[{"href":"https:\/\/atelierpictura.fr\/index.php?rest_route=\/wp\/v2\/pages"}],"about":[{"href":"https:\/\/atelierpictura.fr\/index.php?rest_route=\/wp\/v2\/types\/page"}],"author":[{"embeddable":true,"href":"https:\/\/atelierpictura.fr\/index.php?rest_route=\/wp\/v2\/users\/1"}],"replies":[{"embeddable":true,"href":"https:\/\/atelierpictura.fr\/index.php?rest_route=%2Fwp%2Fv2%2Fcomments&post=356"}],"version-history":[{"count":14,"href":"https:\/\/atelierpictura.fr\/index.php?rest_route=\/wp\/v2\/pages\/356\/revisions"}],"predecessor-version":[{"id":406,"href":"https:\/\/atelierpictura.fr\/index.php?rest_route=\/wp\/v2\/pages\/356\/revisions\/406"}],"wp:attachment":[{"href":"https:\/\/atelierpictura.fr\/index.php?rest_route=%2Fwp%2Fv2%2Fmedia&parent=356"}],"curies":[{"name":"wp","href":"https:\/\/api.w.org\/{rel}","templated":true}]}}