{"id":261,"date":"2022-06-08T15:01:07","date_gmt":"2022-06-08T13:01:07","guid":{"rendered":"http:\/\/atelierpictura.fr\/?page_id=261"},"modified":"2023-03-29T14:05:38","modified_gmt":"2023-03-29T12:05:38","slug":"stages-dete","status":"publish","type":"page","link":"https:\/\/atelierpictura.fr\/?page_id=261","title":{"rendered":"stages de printemps"},"content":{"rendered":"\t\t<div data-elementor-type=\"wp-page\" data-elementor-id=\"261\" class=\"elementor elementor-261\">\n\t\t\t\t\t\t\t\t\t<section class=\"elementor-section elementor-top-section elementor-element elementor-element-a0ae12c elementor-section-boxed elementor-section-height-default elementor-section-height-default\" data-id=\"a0ae12c\" data-element_type=\"section\">\n\t\t\t\t\t\t<div class=\"elementor-container elementor-column-gap-default\">\n\t\t\t\t\t<div class=\"elementor-column elementor-col-100 elementor-top-column elementor-element elementor-element-95b70d4\" data-id=\"95b70d4\" data-element_type=\"column\">\n\t\t\t<div class=\"elementor-widget-wrap elementor-element-populated\">\n\t\t\t\t\t\t\t\t<div class=\"elementor-element elementor-element-ca95ba3 elementor-widget elementor-widget-image\" data-id=\"ca95ba3\" data-element_type=\"widget\" data-widget_type=\"image.default\">\n\t\t\t\t<div class=\"elementor-widget-container\">\n\t\t\t<style>\/*! elementor - v3.6.6 - 08-06-2022 *\/\n.elementor-widget-image{text-align:center}.elementor-widget-image a{display:inline-block}.elementor-widget-image a img[src$=\".svg\"]{width:48px}.elementor-widget-image img{vertical-align:middle;display:inline-block}<\/style>\t\t\t\t\t\t\t\t\t\t\t\t<img decoding=\"async\" src=\"https:\/\/atelierpictura.fr\/wp-content\/uploads\/2022\/06\/IMG_3184.jpeg\" title=\"IMG_3184\" alt=\"IMG_3184\" \/>\t\t\t\t\t\t\t\t\t\t\t\t\t\t\t<\/div>\n\t\t\t\t<\/div>\n\t\t\t\t<div class=\"elementor-element elementor-element-83ed0d9 elementor-widget elementor-widget-text-editor\" data-id=\"83ed0d9\" data-element_type=\"widget\" data-widget_type=\"text-editor.default\">\n\t\t\t\t<div class=\"elementor-widget-container\">\n\t\t\t<style>\/*! elementor - v3.6.6 - 08-06-2022 *\/\n.elementor-widget-text-editor.elementor-drop-cap-view-stacked .elementor-drop-cap{background-color:#818a91;color:#fff}.elementor-widget-text-editor.elementor-drop-cap-view-framed .elementor-drop-cap{color:#818a91;border:3px solid;background-color:transparent}.elementor-widget-text-editor:not(.elementor-drop-cap-view-default) .elementor-drop-cap{margin-top:8px}.elementor-widget-text-editor:not(.elementor-drop-cap-view-default) .elementor-drop-cap-letter{width:1em;height:1em}.elementor-widget-text-editor .elementor-drop-cap{float:left;text-align:center;line-height:1;font-size:50px}.elementor-widget-text-editor .elementor-drop-cap-letter{display:inline-block}<\/style>\t\t\t\t<article id=\"post-4215\" class=\"post-4215 post type-post status-publish format-standard has-post-thumbnail hentry category-ecole-dart category-regard-au-pluriel tag-ecole-dart-2 tag-france tag-stage-de-peinture tag-stage-de-vacances tag-stage-en-provence tag-techniques-de-peinture\">\n<div class=\"entry-content jpibfi_container\">\n<div class=\"elementor elementor-4215\" data-elementor-type=\"wp-post\" data-elementor-id=\"4215\">\n<div class=\"elementor-inner\">\n<div class=\"elementor-section-wrap\">\n<section class=\"elementor-section elementor-top-section elementor-element elementor-element-248ada72 elementor-section-boxed elementor-section-height-default elementor-section-height-default\" data-id=\"248ada72\" data-element_type=\"section\">\n<div class=\"elementor-container elementor-column-gap-default\">\n<div class=\"elementor-row\">\n<div class=\"elementor-column elementor-col-100 elementor-top-column elementor-element elementor-element-f8d8704\" data-id=\"f8d8704\" data-element_type=\"column\">\n<div class=\"elementor-column-wrap elementor-element-populated\">\n<div class=\"elementor-widget-wrap\">\n<div class=\"elementor-element elementor-element-a68f009 elementor-widget elementor-widget-heading\" data-id=\"a68f009\" data-element_type=\"widget\" data-widget_type=\"heading.default\">\n<div class=\"elementor-widget-container\">\n<h3 class=\"elementor-heading-title elementor-size-default\"><span style=\"color: var( --e-global-color-text ); font-family: var( --e-global-typography-text-font-family ), Sans-serif; font-weight: var( --e-global-typography-text-font-weight ); font-size: 15px;\">&nbsp;<\/span><\/h3>\n<\/div>\n<\/div>\n<div class=\"elementor-element elementor-element-49cc4baa elementor-widget elementor-widget-text-editor\" data-id=\"49cc4baa\" data-element_type=\"widget\" data-widget_type=\"text-editor.default\">\n<div class=\"elementor-widget-container\">\n<div class=\"elementor-text-editor elementor-clearfix\">\n<p>&nbsp;Au coeur des paysages somptueux des Gorges du Verdon en Provence, l\u2019atelier Pictura vous propose tout au long de l\u2019ann\u00e9e et pendant les vacances des stages et cours d\u2019initiation et de perfectionnement dans diff\u00e9rentes techniques d\u2019expression : peinture \u00e0 l\u2019huile technique Van Eyck I, II et III, peinture et collage, peinture \u00e0 la cire, tempera, aquarelle et dessin.<\/p>\n<p>En exclusivit\u00e9 nous vous proposons cette ann\u00e9es un h\u00e9bergement possible dans un grand Domaine proven\u00e7al de 150 hectares de nature sauvage avec acc\u00e8s direct et privatif au Verdon. Sur place vous pouvez vous baigner dans les piscines et le Verdon mais aussi vous pouvez vous promener sur les dix kilom\u00e8tres de sentiers balis\u00e9s et vous ressourcer dans un cadre calme et accueillant \u00e0 10 min de l\u2019atelier.&nbsp; Veuillez nous contacter rapidement.<\/p>\n<div>&nbsp;<\/div>\n<p><strong>Ma\u00eetre de stage<\/strong>&nbsp;: &nbsp;<a title=\"Bruno Le Bail\" href=\"https:\/\/www.regardaupluriel.com\/atelier-pictura\/bruno-le-bail\/\">Bruno Le Bail<\/a><\/p>\n<div>&nbsp;<\/div>\n<div>&nbsp;<\/div>\n<p><strong>Horaires<\/strong><\/p>\n<p>de 9 h \u2013 12 h et de 14 h \u2013 17 h<\/p>\n<div>&nbsp;<\/div>\n<div>&nbsp;<\/div>\n<div>&nbsp;<\/div>\n<p><strong>Tarifs<\/strong><\/p>\n<p>100 euros par jour<\/p>\n<p>ou 5 s\u00e9ances de 2h30 \/ 250 euros<\/p>\n<p>(sans mat\u00e9riel)<\/p>\n<div>&nbsp;<\/div>\n<div>&nbsp;<\/div>\n<p><strong>voici nos stages :<\/strong><\/p>\n<div>&nbsp;<\/div>\n<div>&nbsp;<\/div>\n<div>&nbsp;<\/div>\n<p><a title=\"Stage de Dessin\" href=\"https:\/\/www.regardaupluriel.com\/ecole-art-atelier-pictura\/stages\/dessin\/\">stage dessin<\/a>&nbsp;\/&nbsp;<a title=\"Stage Aquarelle\" href=\"https:\/\/www.regardaupluriel.com\/ecole-art-atelier-pictura\/stages\/aquarelle\/\">stage aquarelle<\/a>&nbsp;\/&nbsp;<a title=\"Peinture \u00e0 la cire\" href=\"https:\/\/www.regardaupluriel.com\/ecole-art-atelier-pictura\/stages\/peinture-a-la-cire\/\">stage peinture \u00e0 la cire<\/a>&nbsp;\/&nbsp;<a title=\"Peinture \u00e0 l\u2019oeuf\" href=\"https:\/\/www.regardaupluriel.com\/ecole-art-atelier-pictura\/stages\/peinture-a-loeuf\/\">stage peinture \u00e0 l\u2019oeuf \u2013 tempera<\/a>&nbsp;\/&nbsp;<a title=\"Peinture \u00e0 la colle\" href=\"https:\/\/www.regardaupluriel.com\/ecole-art-atelier-pictura\/stages\/peinture-a-la-colle\/\">stage peinture \u00e0 la colle \u2013 d\u00e9trempe<\/a>&nbsp;\/&nbsp;<a title=\"Peinture \u00e0 l\u2019huile \u2013 Technique Van Eyck\" href=\"https:\/\/www.regardaupluriel.com\/ecole-art-atelier-pictura\/stages\/peinture-huile-technique-van-eyck\/\">stage peinture \u00e0 l\u2019huile \u2013 technique Van Eyck<\/a><\/p>\n<p>Nous contacter au t\u00e9l 06 33 57 99 38 ou par notre&nbsp;<a href=\"https:\/\/www.regardaupluriel.com\/nous-contacter\/\">formulaire de contact<\/a><\/p>\n<\/div>\n<\/div>\n<\/div>\n<\/div>\n<\/div>\n<\/div>\n<\/div>\n<\/div>\n<\/section>\n<\/div>\n<\/div>\n<\/div>\n<\/div>\n<footer class=\"entry-footer\"><\/footer>\n<\/article>\n<nav class=\"navigation post-navigation\" aria-label=\"Publications\">\n<h2 class=\"screen-reader-text\">Navigation de l\u2019article<\/h2>\n<div class=\"nav-links\">\n<div class=\"nav-previous\">&nbsp;<\/div>\n<\/div>\n<\/nav>\t\t\t\t\t\t<\/div>\n\t\t\t\t<\/div>\n\t\t\t\t\t<\/div>\n\t\t<\/div>\n\t\t\t\t\t\t\t<\/div>\n\t\t<\/section>\n\t\t\t\t\t\t\t<\/div>\n\t\t","protected":false},"excerpt":{"rendered":"<p>&nbsp; &nbsp;Au coeur des paysages somptueux des Gorges du Verdon en Provence, l\u2019atelier Pictura vous propose tout au long de l\u2019ann\u00e9e et pendant les vacances des stages et cours d\u2019initiation et de perfectionnement dans diff\u00e9rentes techniques d\u2019expression : peinture \u00e0 l\u2019huile technique Van Eyck I, II et III, peinture et collage, peinture \u00e0 la cire, &hellip; <\/p>\n","protected":false},"author":1,"featured_media":0,"parent":0,"menu_order":0,"comment_status":"closed","ping_status":"closed","template":"","meta":{"footnotes":""},"class_list":["post-261","page","type-page","status-publish","hentry"],"_links":{"self":[{"href":"https:\/\/atelierpictura.fr\/index.php?rest_route=\/wp\/v2\/pages\/261","targetHints":{"allow":["GET"]}}],"collection":[{"href":"https:\/\/atelierpictura.fr\/index.php?rest_route=\/wp\/v2\/pages"}],"about":[{"href":"https:\/\/atelierpictura.fr\/index.php?rest_route=\/wp\/v2\/types\/page"}],"author":[{"embeddable":true,"href":"https:\/\/atelierpictura.fr\/index.php?rest_route=\/wp\/v2\/users\/1"}],"replies":[{"embeddable":true,"href":"https:\/\/atelierpictura.fr\/index.php?rest_route=%2Fwp%2Fv2%2Fcomments&post=261"}],"version-history":[{"count":19,"href":"https:\/\/atelierpictura.fr\/index.php?rest_route=\/wp\/v2\/pages\/261\/revisions"}],"predecessor-version":[{"id":410,"href":"https:\/\/atelierpictura.fr\/index.php?rest_route=\/wp\/v2\/pages\/261\/revisions\/410"}],"wp:attachment":[{"href":"https:\/\/atelierpictura.fr\/index.php?rest_route=%2Fwp%2Fv2%2Fmedia&parent=261"}],"curies":[{"name":"wp","href":"https:\/\/api.w.org\/{rel}","templated":true}]}}