{"id":14,"date":"2022-03-15T14:33:21","date_gmt":"2022-03-15T13:33:21","guid":{"rendered":"http:\/\/atelierpictura.fr\/?page_id=14"},"modified":"2025-03-31T15:43:52","modified_gmt":"2025-03-31T13:43:52","slug":"elementor-14","status":"publish","type":"page","link":"https:\/\/atelierpictura.fr\/","title":{"rendered":""},"content":{"rendered":"\t\t<div data-elementor-type=\"wp-page\" data-elementor-id=\"14\" class=\"elementor elementor-14\">\n\t\t\t\t\t\t\t\t\t<section class=\"elementor-section elementor-top-section elementor-element elementor-element-af6b140 elementor-section-boxed elementor-section-height-default elementor-section-height-default\" data-id=\"af6b140\" data-element_type=\"section\">\n\t\t\t\t\t\t<div class=\"elementor-container elementor-column-gap-default\">\n\t\t\t\t\t<div class=\"elementor-column elementor-col-100 elementor-top-column elementor-element elementor-element-766cd68\" data-id=\"766cd68\" data-element_type=\"column\">\n\t\t\t<div class=\"elementor-widget-wrap elementor-element-populated\">\n\t\t\t\t\t\t\t\t<div class=\"elementor-element elementor-element-bdb89ac elementor-widget elementor-widget-shortcode\" data-id=\"bdb89ac\" data-element_type=\"widget\" data-widget_type=\"shortcode.default\">\n\t\t\t\t<div class=\"elementor-widget-container\">\n\t\t\t\t\t<div class=\"elementor-shortcode\">\n<\/div>\n\t\t\t\t<\/div>\n\t\t\t\t<\/div>\n\t\t\t\t<div class=\"elementor-element elementor-element-f808817 elementor-widget elementor-widget-spacer\" data-id=\"f808817\" data-element_type=\"widget\" data-widget_type=\"spacer.default\">\n\t\t\t\t<div class=\"elementor-widget-container\">\n\t\t\t<style>\/*! elementor - v3.6.6 - 08-06-2022 *\/\n.e-container.e-container--row .elementor-spacer-inner{width:var(--spacer-size)}.e-container.e-container--column .elementor-spacer-inner,.elementor-column .elementor-spacer-inner{height:var(--spacer-size)}<\/style>\t\t<div class=\"elementor-spacer\">\n\t\t\t<div class=\"elementor-spacer-inner\"><\/div>\n\t\t<\/div>\n\t\t\t\t<\/div>\n\t\t\t\t<\/div>\n\t\t\t\t<div class=\"elementor-element elementor-element-8cace18 elementor-widget elementor-widget-heading\" data-id=\"8cace18\" data-element_type=\"widget\" data-widget_type=\"heading.default\">\n\t\t\t\t<div class=\"elementor-widget-container\">\n\t\t\t<style>\/*! elementor - v3.6.6 - 08-06-2022 *\/\n.elementor-heading-title{padding:0;margin:0;line-height:1}.elementor-widget-heading .elementor-heading-title[class*=elementor-size-]>a{color:inherit;font-size:inherit;line-height:inherit}.elementor-widget-heading .elementor-heading-title.elementor-size-small{font-size:15px}.elementor-widget-heading .elementor-heading-title.elementor-size-medium{font-size:19px}.elementor-widget-heading .elementor-heading-title.elementor-size-large{font-size:29px}.elementor-widget-heading .elementor-heading-title.elementor-size-xl{font-size:39px}.elementor-widget-heading .elementor-heading-title.elementor-size-xxl{font-size:59px}<\/style><h2 class=\"elementor-heading-title elementor-size-default\">Atelier Pictura<\/h2>\t\t<\/div>\n\t\t\t\t<\/div>\n\t\t\t\t\t<\/div>\n\t\t<\/div>\n\t\t\t\t\t\t\t<\/div>\n\t\t<\/section>\n\t\t\t\t<section class=\"elementor-section elementor-top-section elementor-element elementor-element-1d6021a elementor-section-boxed elementor-section-height-default elementor-section-height-default\" data-id=\"1d6021a\" data-element_type=\"section\">\n\t\t\t\t\t\t<div class=\"elementor-container elementor-column-gap-default\">\n\t\t\t\t\t<div class=\"elementor-column elementor-col-100 elementor-top-column elementor-element elementor-element-dbfa32c\" data-id=\"dbfa32c\" data-element_type=\"column\">\n\t\t\t<div class=\"elementor-widget-wrap elementor-element-populated\">\n\t\t\t\t\t\t\t\t<div class=\"elementor-element elementor-element-882b159 elementor-widget-divider--view-line elementor-widget elementor-widget-divider\" data-id=\"882b159\" data-element_type=\"widget\" data-widget_type=\"divider.default\">\n\t\t\t\t<div class=\"elementor-widget-container\">\n\t\t\t<style>\/*! elementor - v3.6.6 - 08-06-2022 *\/\n.elementor-widget-divider{--divider-border-style:none;--divider-border-width:1px;--divider-color:#2c2c2c;--divider-icon-size:20px;--divider-element-spacing:10px;--divider-pattern-height:24px;--divider-pattern-size:20px;--divider-pattern-url:none;--divider-pattern-repeat:repeat-x}.elementor-widget-divider .elementor-divider{display:-webkit-box;display:-ms-flexbox;display:flex}.elementor-widget-divider .elementor-divider__text{font-size:15px;line-height:1;max-width:95%}.elementor-widget-divider .elementor-divider__element{margin:0 var(--divider-element-spacing);-ms-flex-negative:0;flex-shrink:0}.elementor-widget-divider .elementor-icon{font-size:var(--divider-icon-size)}.elementor-widget-divider .elementor-divider-separator{display:-webkit-box;display:-ms-flexbox;display:flex;margin:0;direction:ltr}.elementor-widget-divider--view-line_icon .elementor-divider-separator,.elementor-widget-divider--view-line_text .elementor-divider-separator{-webkit-box-align:center;-ms-flex-align:center;align-items:center}.elementor-widget-divider--view-line_icon .elementor-divider-separator:after,.elementor-widget-divider--view-line_icon .elementor-divider-separator:before,.elementor-widget-divider--view-line_text .elementor-divider-separator:after,.elementor-widget-divider--view-line_text .elementor-divider-separator:before{display:block;content:\"\";border-bottom:0;-webkit-box-flex:1;-ms-flex-positive:1;flex-grow:1;border-top:var(--divider-border-width) var(--divider-border-style) var(--divider-color)}.elementor-widget-divider--element-align-left .elementor-divider .elementor-divider-separator>.elementor-divider__svg:first-of-type{-webkit-box-flex:0;-ms-flex-positive:0;flex-grow:0;-ms-flex-negative:100;flex-shrink:100}.elementor-widget-divider--element-align-left .elementor-divider-separator:before{content:none}.elementor-widget-divider--element-align-left .elementor-divider__element{margin-left:0}.elementor-widget-divider--element-align-right .elementor-divider .elementor-divider-separator>.elementor-divider__svg:last-of-type{-webkit-box-flex:0;-ms-flex-positive:0;flex-grow:0;-ms-flex-negative:100;flex-shrink:100}.elementor-widget-divider--element-align-right .elementor-divider-separator:after{content:none}.elementor-widget-divider--element-align-right .elementor-divider__element{margin-right:0}.elementor-widget-divider:not(.elementor-widget-divider--view-line_text):not(.elementor-widget-divider--view-line_icon) .elementor-divider-separator{border-top:var(--divider-border-width) var(--divider-border-style) var(--divider-color)}.elementor-widget-divider--separator-type-pattern{--divider-border-style:none}.elementor-widget-divider--separator-type-pattern.elementor-widget-divider--view-line .elementor-divider-separator,.elementor-widget-divider--separator-type-pattern:not(.elementor-widget-divider--view-line) .elementor-divider-separator:after,.elementor-widget-divider--separator-type-pattern:not(.elementor-widget-divider--view-line) .elementor-divider-separator:before,.elementor-widget-divider--separator-type-pattern:not([class*=elementor-widget-divider--view]) .elementor-divider-separator{width:100%;min-height:var(--divider-pattern-height);-webkit-mask-size:var(--divider-pattern-size) 100%;mask-size:var(--divider-pattern-size) 100%;-webkit-mask-repeat:var(--divider-pattern-repeat);mask-repeat:var(--divider-pattern-repeat);background-color:var(--divider-color);-webkit-mask-image:var(--divider-pattern-url);mask-image:var(--divider-pattern-url)}.elementor-widget-divider--no-spacing{--divider-pattern-size:auto}.elementor-widget-divider--bg-round{--divider-pattern-repeat:round}.rtl .elementor-widget-divider .elementor-divider__text{direction:rtl}<\/style>\t\t<div class=\"elementor-divider\">\n\t\t\t<span class=\"elementor-divider-separator\">\n\t\t\t\t\t\t<\/span>\n\t\t<\/div>\n\t\t\t\t<\/div>\n\t\t\t\t<\/div>\n\t\t\t\t<div class=\"elementor-element elementor-element-f5a08b2 elementor-widget elementor-widget-text-editor\" data-id=\"f5a08b2\" data-element_type=\"widget\" data-widget_type=\"text-editor.default\">\n\t\t\t\t<div class=\"elementor-widget-container\">\n\t\t\t<style>\/*! elementor - v3.6.6 - 08-06-2022 *\/\n.elementor-widget-text-editor.elementor-drop-cap-view-stacked .elementor-drop-cap{background-color:#818a91;color:#fff}.elementor-widget-text-editor.elementor-drop-cap-view-framed .elementor-drop-cap{color:#818a91;border:3px solid;background-color:transparent}.elementor-widget-text-editor:not(.elementor-drop-cap-view-default) .elementor-drop-cap{margin-top:8px}.elementor-widget-text-editor:not(.elementor-drop-cap-view-default) .elementor-drop-cap-letter{width:1em;height:1em}.elementor-widget-text-editor .elementor-drop-cap{float:left;text-align:center;line-height:1;font-size:50px}.elementor-widget-text-editor .elementor-drop-cap-letter{display:inline-block}<\/style>\t\t\t\t<p>L\u2018association Atelier Pictura a \u00e9t\u00e9 cr\u00e9e en 1990 sous l\u2019initiative de <a href=\"https:\/\/www.regardaupluriel.com\/ecoledart-et-revue-electronique\/bruno-le-bail\/\" style=\"\">Bruno Le Bail<\/a>, form\u00e9 \u00e0 l\u2019Ecole Nationale Sup\u00e9rieure des Beaux-Arts de Paris et qui en est depuis le responsable.\u2028 Il est peintre, ma\u00eetre de stage, professeur de peinture et conf\u00e9rencier de l\u2019histoire de l\u2019art.<\/p>\t\t\t\t\t\t<\/div>\n\t\t\t\t<\/div>\n\t\t\t\t<div class=\"elementor-element elementor-element-44d73c5 elementor-widget elementor-widget-spacer\" data-id=\"44d73c5\" data-element_type=\"widget\" data-widget_type=\"spacer.default\">\n\t\t\t\t<div class=\"elementor-widget-container\">\n\t\t\t\t\t<div class=\"elementor-spacer\">\n\t\t\t<div class=\"elementor-spacer-inner\"><\/div>\n\t\t<\/div>\n\t\t\t\t<\/div>\n\t\t\t\t<\/div>\n\t\t\t\t\t<\/div>\n\t\t<\/div>\n\t\t\t\t\t\t\t<\/div>\n\t\t<\/section>\n\t\t\t\t<section class=\"elementor-section elementor-top-section elementor-element elementor-element-978272b elementor-section-boxed elementor-section-height-default elementor-section-height-default\" data-id=\"978272b\" data-element_type=\"section\">\n\t\t\t\t\t\t<div class=\"elementor-container elementor-column-gap-default\">\n\t\t\t\t\t<div class=\"elementor-column elementor-col-50 elementor-top-column elementor-element elementor-element-c487fcc\" data-id=\"c487fcc\" data-element_type=\"column\">\n\t\t\t<div class=\"elementor-widget-wrap elementor-element-populated\">\n\t\t\t\t\t\t\t\t<div class=\"elementor-element elementor-element-2a3bc80 elementor-widget elementor-widget-text-editor\" data-id=\"2a3bc80\" data-element_type=\"widget\" data-widget_type=\"text-editor.default\">\n\t\t\t\t<div class=\"elementor-widget-container\">\n\t\t\t\t\t\t\t<h3 style=\"box-sizing: inherit; font-family: Roboto; color: #000000; font-size: 24px; line-height: 32px; margin-bottom: 2rem; font-weight: 400; letter-spacing: 0.08rem; z-index: 1;\">NOTRE ENSEIGNEMENT<\/h3><p style=\"box-sizing: inherit; margin-bottom: 2.5rem; color: #353535; font-size: 18px; z-index: 1; font-family: Baskervville, serif !important;\"><span style=\"box-sizing: inherit; overflow-wrap: break-word; z-index: 1; margin-bottom: 0px; font-size: 10pt;\">Parce que nous sommes d\u00e9sireux de vous apporter le meilleur enseignement adapt\u00e9 \u00e0 vos besoins cr\u00e9atifs, nous vous conseillons personnellement.<\/span><\/p><p style=\"box-sizing: inherit; margin-bottom: 0px; color: #353535; font-size: 18px; z-index: 1; font-family: Baskervville, serif !important;\"><span style=\"box-sizing: inherit; overflow-wrap: break-word; z-index: 1; font-size: 10pt;\">L\u2019enseignement propos\u00e9 \u00e0 l\u2019\u00e9cole d\u2019art Atelier Pictura comporte plusieurs axes principaux et les programmes ont \u00e9t\u00e9 pens\u00e9s en consequence et \u00e9labor\u00e9s afin de guider chacun vers des r\u00e9sultats gratifiants pour arriver au finale, au plus pr\u00eats de votre source de motivation.<\/span><\/p><p>\u00a0Dans tous<a style=\"box-sizing: inherit; color: #323232; overflow-wrap: break-word; transition: all 0.2s linear 0s; border-bottom: 1px solid #ffffff; border-top-color: #ffffff; border-right-color: #ffffff; border-left-color: #ffffff; z-index: 1;\" href=\"https:\/\/www.regardaupluriel.com\/ecole-dart-atelier-pictura\/stages\/\">\u00a0les stages<\/a>\u00a0et\u00a0<a style=\"box-sizing: inherit; color: #323232; overflow-wrap: break-word; transition: all 0.2s linear 0s; border-bottom: 1px solid #ffffff; border-top-color: #ffffff; border-right-color: #ffffff; border-left-color: #ffffff; z-index: 1; margin-bottom: 0px;\" href=\"https:\/\/www.regardaupluriel.com\/ecole-dart-atelier-pictura\/cours-peinture\/\">cours<\/a>\u00a0vous apprenez \u00e0 structurer et concr\u00e9tiser vos id\u00e9es jusqu\u2019\u00e0 un r\u00e9sultat final.<\/p><p style=\"box-sizing: inherit; margin-bottom: 0px; color: #353535; font-size: 18px; z-index: 1; font-family: Baskervville, serif !important;\"><span style=\"box-sizing: inherit; overflow-wrap: break-word; z-index: 1; font-size: 10pt;\">\u00a0<\/span><\/p><p style=\"box-sizing: inherit; margin-bottom: 0px; color: #353535; font-size: 18px; z-index: 1; font-family: Baskervville, serif !important;\"><span style=\"box-sizing: inherit; overflow-wrap: break-word; z-index: 1; font-size: 10pt;\">\u00a0<\/span><span style=\"box-sizing: inherit; overflow-wrap: break-word; z-index: 1; margin-bottom: 0px; font-size: 10pt;\"><a style=\"box-sizing: inherit; color: #323232; overflow-wrap: break-word; transition: all 0.2s linear 0s; border-bottom: 1px solid #ffffff; border-top-color: #ffffff; border-right-color: #ffffff; border-left-color: #ffffff; z-index: 1;\" href=\"https:\/\/www.regardaupluriel.com\/ecole-dart-atelier-pictura\/cours-peinture\/\">Les cours<\/a>\u00a0et\u00a0<a style=\"box-sizing: inherit; color: #323232; overflow-wrap: break-word; transition: all 0.2s linear 0s; border-bottom: 1px solid #ffffff; border-top-color: #ffffff; border-right-color: #ffffff; border-left-color: #ffffff; z-index: 1; margin-bottom: 0px;\" href=\"https:\/\/www.regardaupluriel.com\/ecole-dart-atelier-pictura\/stages\/\">stages<\/a>\u00a0s\u2019adressent \u00e0 tous, aux jeunes, d\u00e9butants et confirm\u00e9s et se d\u00e9roulent \u00e0 l\u2019ann\u00e9e, pendant les vacances o\u00f9 \u00e0 la carte dans une ambiance toute particuli\u00e8re, un authentique atelier d\u2019artiste \u00e0 partager.<\/span><\/p>\t\t\t\t\t\t<\/div>\n\t\t\t\t<\/div>\n\t\t\t\t\t<\/div>\n\t\t<\/div>\n\t\t\t\t<div class=\"elementor-column elementor-col-50 elementor-top-column elementor-element elementor-element-a18a17e\" data-id=\"a18a17e\" data-element_type=\"column\">\n\t\t\t<div class=\"elementor-widget-wrap elementor-element-populated\">\n\t\t\t\t\t\t\t\t<div class=\"elementor-element elementor-element-6a57835 elementor-widget elementor-widget-text-editor\" data-id=\"6a57835\" data-element_type=\"widget\" data-widget_type=\"text-editor.default\">\n\t\t\t\t<div class=\"elementor-widget-container\">\n\t\t\t\t\t\t\t<h3 style=\"box-sizing: inherit; font-family: Roboto; color: #000000; font-size: 24px; line-height: 32px; margin-bottom: 2rem; font-weight: 400; letter-spacing: 0.08rem; z-index: 1;\">NOTRE HISTOIRE<\/h3>\n<p style=\"box-sizing: inherit; margin-bottom: 2.5rem; z-index: 1;\"><span style=\"color: #323232; font-family: Baskervville, serif;\"><span style=\"font-size: 13.3333px;\">La cr\u00e9ation de l\u2019association a commenc\u00e9 en 1990; les enfants du village venaient voir l&#8217;atelier et ils \u00e9taient intrigu\u00e9s par tous les pigments. Nous leur donnions des feuilles, des couleurs et ils ont commenc\u00e9 \u00e0 peindre sur la grande table de l\u2019atelier. Le d\u00e9clencheur de la transmission d\u2019un savoir ancestral est venu aussi simplement et nous avons cr\u00e9er Atelier Pictura, l&#8217;\u00e9cole d&#8217;art.<br><\/span><\/span><span style=\"font-size: 13.3333px; color: rgb(50, 50, 50); font-family: Baskervville, serif; font-weight: var( --e-global-typography-text-font-weight );\"><br>Nous sommes tr\u00e8s attach\u00e9 \u00e0 cette id\u00e9e de faire perdurer ces techniques anciennes comme la technique Van Eyck, la temp\u00e9ra, la saponification \u00e0 la cire\u2026<br><\/span><span style=\"font-size: 13.3333px; color: rgb(50, 50, 50); font-family: Baskervville, serif; font-weight: var( --e-global-typography-text-font-weight );\"><br>Depuis de nombreux stagiaires du monde entier ont \u00e9t\u00e9 form\u00e9s \u00e0 l\u2019atelier Pictura y compris des peintres professionnels et c\u2019est une grande fiert\u00e9 de transmettre ce savoir afin que ces techniques continuent d\u2019exister. <br><br>Nous avons cr\u00e9\u00e9 de nombreux \u00e9v\u00e9nements comme L&#8217;Alimentation G\u00e9n\u00e9rale, un lieu exp\u00e9rimental culturel o\u00f9 nous faisions des lectures \/ improvisations, des expositions, des performances, conf\u00e9rences &#8230;<br><\/span><span style=\"font-weight: var( --e-global-typography-text-font-weight ); color: rgb(50, 50, 50); font-family: Baskervville, serif;\"><span style=\"font-size: 13.3333px;\"><br><\/span><\/span><\/p>\n<p style=\"box-sizing: inherit; margin-bottom: 2.5rem; z-index: 1;\"><span style=\"color: #323232; font-family: Baskervville, serif;\"><span style=\"font-size: 13.3333px;\">&nbsp;<\/span><\/span><\/p>\t\t\t\t\t\t<\/div>\n\t\t\t\t<\/div>\n\t\t\t\t\t<\/div>\n\t\t<\/div>\n\t\t\t\t\t\t\t<\/div>\n\t\t<\/section>\n\t\t\t\t<section class=\"elementor-section elementor-top-section elementor-element elementor-element-cca227e elementor-section-boxed elementor-section-height-default elementor-section-height-default\" data-id=\"cca227e\" data-element_type=\"section\">\n\t\t\t\t\t\t<div class=\"elementor-container elementor-column-gap-default\">\n\t\t\t\t\t<div class=\"elementor-column elementor-col-100 elementor-top-column elementor-element elementor-element-a2da57e\" data-id=\"a2da57e\" data-element_type=\"column\">\n\t\t\t<div class=\"elementor-widget-wrap elementor-element-populated\">\n\t\t\t\t\t\t\t\t<div class=\"elementor-element elementor-element-ed12595 elementor-widget elementor-widget-heading\" data-id=\"ed12595\" data-element_type=\"widget\" data-widget_type=\"heading.default\">\n\t\t\t\t<div class=\"elementor-widget-container\">\n\t\t\t<h2 class=\"elementor-heading-title elementor-size-default\">O\u00f9 sommes nous ?<\/h2>\t\t<\/div>\n\t\t\t\t<\/div>\n\t\t\t\t\t<\/div>\n\t\t<\/div>\n\t\t\t\t\t\t\t<\/div>\n\t\t<\/section>\n\t\t\t\t<section class=\"elementor-section elementor-top-section elementor-element elementor-element-67e34fa elementor-section-boxed elementor-section-height-default elementor-section-height-default\" data-id=\"67e34fa\" data-element_type=\"section\">\n\t\t\t\t\t\t<div class=\"elementor-container elementor-column-gap-default\">\n\t\t\t\t\t<div class=\"elementor-column elementor-col-100 elementor-top-column elementor-element elementor-element-3000088\" data-id=\"3000088\" data-element_type=\"column\">\n\t\t\t<div class=\"elementor-widget-wrap elementor-element-populated\">\n\t\t\t\t\t\t\t\t<div class=\"elementor-element elementor-element-47b0e62 elementor-widget elementor-widget-google_maps\" data-id=\"47b0e62\" data-element_type=\"widget\" data-widget_type=\"google_maps.default\">\n\t\t\t\t<div class=\"elementor-widget-container\">\n\t\t\t<style>\/*! elementor - v3.6.6 - 08-06-2022 *\/\n.elementor-widget-google_maps .elementor-widget-container{overflow:hidden}.elementor-widget-google_maps iframe{height:300px}<\/style>\t\t<div class=\"elementor-custom-embed\">\n\t\t\t<iframe frameborder=\"0\" scrolling=\"no\" marginheight=\"0\" marginwidth=\"0\"\n\t\t\t\t\tsrc=\"https:\/\/maps.google.com\/maps?q=atelier%20pictura%20saint%20laurent%20du%20verdon&#038;t=m&#038;z=10&#038;output=embed&#038;iwloc=near\"\n\t\t\t\t\ttitle=\"atelier pictura saint laurent du verdon\"\n\t\t\t\t\taria-label=\"atelier pictura saint laurent du verdon\"\n\t\t\t><\/iframe>\n\t\t<\/div>\n\t\t\t\t<\/div>\n\t\t\t\t<\/div>\n\t\t\t\t\t<\/div>\n\t\t<\/div>\n\t\t\t\t\t\t\t<\/div>\n\t\t<\/section>\n\t\t\t\t<section class=\"elementor-section elementor-top-section elementor-element elementor-element-0a6c0a3 elementor-section-boxed elementor-section-height-default elementor-section-height-default\" data-id=\"0a6c0a3\" data-element_type=\"section\">\n\t\t\t\t\t\t<div class=\"elementor-container elementor-column-gap-default\">\n\t\t\t\t\t<div class=\"elementor-column elementor-col-100 elementor-top-column elementor-element elementor-element-17b646b\" data-id=\"17b646b\" data-element_type=\"column\">\n\t\t\t<div class=\"elementor-widget-wrap elementor-element-populated\">\n\t\t\t\t\t\t\t\t<div class=\"elementor-element elementor-element-8bcf682 elementor-widget elementor-widget-spacer\" data-id=\"8bcf682\" data-element_type=\"widget\" data-widget_type=\"spacer.default\">\n\t\t\t\t<div class=\"elementor-widget-container\">\n\t\t\t\t\t<div class=\"elementor-spacer\">\n\t\t\t<div class=\"elementor-spacer-inner\"><\/div>\n\t\t<\/div>\n\t\t\t\t<\/div>\n\t\t\t\t<\/div>\n\t\t\t\t<div class=\"elementor-element elementor-element-0bff702 elementor-widget elementor-widget-image\" data-id=\"0bff702\" data-element_type=\"widget\" data-widget_type=\"image.default\">\n\t\t\t\t<div class=\"elementor-widget-container\">\n\t\t\t<style>\/*! elementor - v3.6.6 - 08-06-2022 *\/\n.elementor-widget-image{text-align:center}.elementor-widget-image a{display:inline-block}.elementor-widget-image a img[src$=\".svg\"]{width:48px}.elementor-widget-image img{vertical-align:middle;display:inline-block}<\/style>\t\t\t\t\t\t\t\t\t\t\t\t<img decoding=\"async\" src=\"https:\/\/atelierpictura.fr\/wp-content\/uploads\/2025\/03\/IMG_2764.jpeg\" title=\"Screenshot\" alt=\"Screenshot\" \/>\t\t\t\t\t\t\t\t\t\t\t\t\t\t\t<\/div>\n\t\t\t\t<\/div>\n\t\t\t\t\t<\/div>\n\t\t<\/div>\n\t\t\t\t\t\t\t<\/div>\n\t\t<\/section>\n\t\t\t\t\t\t\t<\/div>\n\t\t","protected":false},"excerpt":{"rendered":"<p>Atelier Pictura L\u2018association Atelier Pictura a \u00e9t\u00e9 cr\u00e9e en 1990 sous l\u2019initiative de Bruno Le Bail, form\u00e9 \u00e0 l\u2019Ecole Nationale Sup\u00e9rieure des Beaux-Arts de Paris et qui en est depuis le responsable.\u2028 Il est peintre, ma\u00eetre de stage, professeur de peinture et conf\u00e9rencier de l\u2019histoire de l\u2019art. NOTRE ENSEIGNEMENT Parce que nous sommes d\u00e9sireux de &hellip; <\/p>\n","protected":false},"author":1,"featured_media":0,"parent":0,"menu_order":0,"comment_status":"closed","ping_status":"closed","template":"","meta":{"footnotes":""},"class_list":["post-14","page","type-page","status-publish","hentry"],"_links":{"self":[{"href":"https:\/\/atelierpictura.fr\/index.php?rest_route=\/wp\/v2\/pages\/14","targetHints":{"allow":["GET"]}}],"collection":[{"href":"https:\/\/atelierpictura.fr\/index.php?rest_route=\/wp\/v2\/pages"}],"about":[{"href":"https:\/\/atelierpictura.fr\/index.php?rest_route=\/wp\/v2\/types\/page"}],"author":[{"embeddable":true,"href":"https:\/\/atelierpictura.fr\/index.php?rest_route=\/wp\/v2\/users\/1"}],"replies":[{"embeddable":true,"href":"https:\/\/atelierpictura.fr\/index.php?rest_route=%2Fwp%2Fv2%2Fcomments&post=14"}],"version-history":[{"count":84,"href":"https:\/\/atelierpictura.fr\/index.php?rest_route=\/wp\/v2\/pages\/14\/revisions"}],"predecessor-version":[{"id":456,"href":"https:\/\/atelierpictura.fr\/index.php?rest_route=\/wp\/v2\/pages\/14\/revisions\/456"}],"wp:attachment":[{"href":"https:\/\/atelierpictura.fr\/index.php?rest_route=%2Fwp%2Fv2%2Fmedia&parent=14"}],"curies":[{"name":"wp","href":"https:\/\/api.w.org\/{rel}","templated":true}]}}